{"id":2177,"date":"2023-08-22T16:37:20","date_gmt":"2023-08-22T20:37:20","guid":{"rendered":"https:\/\/panza.ca\/produit\/system-subscription\/"},"modified":"2023-08-22T16:37:20","modified_gmt":"2023-08-22T20:37:20","slug":"system-subscription","status":"publish","type":"product","link":"https:\/\/panza.ca\/en\/produit\/system-subscription\/","title":{"rendered":"System subscription"},"content":{"rendered":"<p>Product description<\/p>\n","protected":false},"excerpt":{"rendered":"<p>Short product description<\/p>\n","protected":false},"featured_media":2048,"template":"","meta":{"_eb_attr":"","site-sidebar-layout":"default","site-content-layout":"","ast-site-content-layout":"default","site-content-style":"default","site-sidebar-style":"default","ast-global-header-display":"","ast-banner-title-visibility":"","ast-main-header-display":"","ast-hfb-above-header-display":"","ast-hfb-below-header-display":"","ast-hfb-mobile-header-display":"","site-post-title":"","ast-breadcrumbs-content":"","ast-featured-img":"","footer-sml-layout":"","theme-transparent-header-meta":"default","adv-header-id-meta":"","stick-header-meta":"","header-above-stick-meta":"","header-main-stick-meta":"","header-below-stick-meta":"","astra-migrate-meta-layouts":"default","ast-page-background-enabled":"default","ast-page-background-meta":{"desktop":{"background-color":"var(--ast-global-color-4)","background-image":"","background-repeat":"repeat","background-position":"center center","background-size":"auto","background-attachment":"scroll","background-type":"","background-media":"","overlay-type":"","overlay-color":"","overlay-opacity":"","overlay-gradient":""},"tablet":{"background-color":"","background-image":"","background-repeat":"repeat","background-position":"center center","background-size":"auto","background-attachment":"scroll","background-type":"","background-media":"","overlay-type":"","overlay-color":"","overlay-opacity":"","overlay-gradient":""},"mobile":{"background-color":"","background-image":"","background-repeat":"repeat","background-position":"center center","background-size":"auto","background-attachment":"scroll","background-type":"","background-media":"","overlay-type":"","overlay-color":"","overlay-opacity":"","overlay-gradient":""}},"ast-content-background-meta":{"desktop":{"background-color":"var(--ast-global-color-5)","background-image":"","background-repeat":"repeat","background-position":"center center","background-size":"auto","background-attachment":"scroll","background-type":"","background-media":"","overlay-type":"","overlay-color":"","overlay-opacity":"","overlay-gradient":""},"tablet":{"background-color":"var(--ast-global-color-5)","background-image":"","background-repeat":"repeat","background-position":"center center","background-size":"auto","background-attachment":"scroll","background-type":"","background-media":"","overlay-type":"","overlay-color":"","overlay-opacity":"","overlay-gradient":""},"mobile":{"background-color":"var(--ast-global-color-5)","background-image":"","background-repeat":"repeat","background-position":"center center","background-size":"auto","background-attachment":"scroll","background-type":"","background-media":"","overlay-type":"","overlay-color":"","overlay-opacity":"","overlay-gradient":""}}},"product_cat":[54],"product_tag":[],"class_list":{"0":"post-2177","1":"product","2":"type-product","3":"status-publish","4":"has-post-thumbnail","6":"product_cat-service-en","7":"desktop-align-left","8":"tablet-align-left","9":"mobile-align-left","11":"first","12":"instock","13":"sold-individually","14":"taxable","15":"shipping-taxable","16":"purchasable","17":"product-type-variable-subscription"},"yoast_head":"<!-- This site is optimized with the Yoast SEO Premium plugin v23.3 (Yoast SEO v23.3) - https:\/\/yoast.com\/wordpress\/plugins\/seo\/ -->\n<title>Choose your subscription | POS software | Panza<\/title>\n<meta name=\"description\" content=\"Choose your POS software subscription. Choose the package that best suits your needs and get a 2-month free trial!\" \/>\n<meta name=\"robots\" content=\"index, follow, max-snippet:-1, max-image-preview:large, max-video-preview:-1\" \/>\n<link rel=\"canonical\" href=\"https:\/\/panza.ca\/en\/produit\/system-subscription\/\" \/>\n<meta property=\"og:locale\" content=\"en_US\" \/>\n<meta property=\"og:type\" content=\"article\" \/>\n<meta property=\"og:title\" content=\"System subscription\" \/>\n<meta property=\"og:description\" content=\"Choose your POS software subscription. Choose the package that best suits your needs and get a 2-month free trial!\" \/>\n<meta property=\"og:url\" content=\"https:\/\/panza.ca\/en\/produit\/system-subscription\/\" \/>\n<meta property=\"og:site_name\" content=\"Panza\" \/>\n<meta property=\"og:image\" content=\"https:\/\/panza.ca\/wp-content\/uploads\/2024\/02\/lanceur.png\" \/>\n\t<meta property=\"og:image:width\" content=\"298\" \/>\n\t<meta property=\"og:image:height\" content=\"301\" \/>\n\t<meta property=\"og:image:type\" content=\"image\/png\" \/>\n<meta name=\"twitter:card\" content=\"summary_large_image\" \/>\n<script type=\"application\/ld+json\" class=\"yoast-schema-graph\">{\"@context\":\"https:\/\/schema.org\",\"@graph\":[{\"@type\":\"WebPage\",\"@id\":\"https:\/\/panza.ca\/en\/produit\/system-subscription\/\",\"url\":\"https:\/\/panza.ca\/en\/produit\/system-subscription\/\",\"name\":\"Choose your subscription | POS software | Panza\",\"isPartOf\":{\"@id\":\"https:\/\/panza.ca\/en\/#website\"},\"primaryImageOfPage\":{\"@id\":\"https:\/\/panza.ca\/en\/produit\/system-subscription\/#primaryimage\"},\"image\":{\"@id\":\"https:\/\/panza.ca\/en\/produit\/system-subscription\/#primaryimage\"},\"thumbnailUrl\":\"https:\/\/panza.ca\/wp-content\/uploads\/2024\/02\/lanceur.png\",\"datePublished\":\"2023-08-22T20:37:20+00:00\",\"dateModified\":\"2023-08-22T20:37:20+00:00\",\"description\":\"Choose your POS software subscription. Choose the package that best suits your needs and get a 2-month free trial!\",\"breadcrumb\":{\"@id\":\"https:\/\/panza.ca\/en\/produit\/system-subscription\/#breadcrumb\"},\"inLanguage\":\"en-US\",\"potentialAction\":[{\"@type\":\"ReadAction\",\"target\":[\"https:\/\/panza.ca\/en\/produit\/system-subscription\/\"]}]},{\"@type\":\"ImageObject\",\"inLanguage\":\"en-US\",\"@id\":\"https:\/\/panza.ca\/en\/produit\/system-subscription\/#primaryimage\",\"url\":\"https:\/\/panza.ca\/wp-content\/uploads\/2024\/02\/lanceur.png\",\"contentUrl\":\"https:\/\/panza.ca\/wp-content\/uploads\/2024\/02\/lanceur.png\",\"width\":298,\"height\":301,\"caption\":\"Panza software\"},{\"@type\":\"BreadcrumbList\",\"@id\":\"https:\/\/panza.ca\/en\/produit\/system-subscription\/#breadcrumb\",\"itemListElement\":[{\"@type\":\"ListItem\",\"position\":1,\"name\":\"Accueil\",\"item\":\"https:\/\/panza.ca\/en\/\"},{\"@type\":\"ListItem\",\"position\":2,\"name\":\"Shop\",\"item\":\"https:\/\/panza.ca\/en\/shop\/\"},{\"@type\":\"ListItem\",\"position\":3,\"name\":\"System subscription\"}]},{\"@type\":\"WebSite\",\"@id\":\"https:\/\/panza.ca\/en\/#website\",\"url\":\"https:\/\/panza.ca\/en\/\",\"name\":\"Le syst\u00e8me logiciel Panza\",\"description\":\"La solution logicielle tout-en-un int\u00e9gr\u00e9e avec POS\",\"publisher\":{\"@id\":\"https:\/\/panza.ca\/en\/#organization\"},\"alternateName\":\"Panza\",\"potentialAction\":[{\"@type\":\"SearchAction\",\"target\":{\"@type\":\"EntryPoint\",\"urlTemplate\":\"https:\/\/panza.ca\/en\/?s={search_term_string}\"},\"query-input\":\"required name=search_term_string\"}],\"inLanguage\":\"en-US\"},{\"@type\":\"Organization\",\"@id\":\"https:\/\/panza.ca\/en\/#organization\",\"name\":\"Le syst\u00e8me logiciel Panza\",\"alternateName\":\"Panza\",\"url\":\"https:\/\/panza.ca\/en\/\",\"logo\":{\"@type\":\"ImageObject\",\"inLanguage\":\"en-US\",\"@id\":\"https:\/\/panza.ca\/en\/#\/schema\/logo\/image\/\",\"url\":\"https:\/\/panza.ca\/wp-content\/uploads\/2023\/08\/Panza_Primary_logo.png\",\"contentUrl\":\"https:\/\/panza.ca\/wp-content\/uploads\/2023\/08\/Panza_Primary_logo.png\",\"width\":434,\"height\":165,\"caption\":\"Le syst\u00e8me logiciel Panza\"},\"image\":{\"@id\":\"https:\/\/panza.ca\/en\/#\/schema\/logo\/image\/\"}}]}<\/script>\n<!-- \/ Yoast SEO Premium plugin. -->","yoast_head_json":{"title":"Choose your subscription | POS software | Panza","description":"Choose your POS software subscription. Choose the package that best suits your needs and get a 2-month free trial!","robots":{"index":"index","follow":"follow","max-snippet":"max-snippet:-1","max-image-preview":"max-image-preview:large","max-video-preview":"max-video-preview:-1"},"canonical":"https:\/\/panza.ca\/en\/produit\/system-subscription\/","og_locale":"en_US","og_type":"article","og_title":"System subscription","og_description":"Choose your POS software subscription. Choose the package that best suits your needs and get a 2-month free trial!","og_url":"https:\/\/panza.ca\/en\/produit\/system-subscription\/","og_site_name":"Panza","og_image":[{"width":298,"height":301,"url":"https:\/\/panza.ca\/wp-content\/uploads\/2024\/02\/lanceur.png","type":"image\/png"}],"twitter_card":"summary_large_image","schema":{"@context":"https:\/\/schema.org","@graph":[{"@type":"WebPage","@id":"https:\/\/panza.ca\/en\/produit\/system-subscription\/","url":"https:\/\/panza.ca\/en\/produit\/system-subscription\/","name":"Choose your subscription | POS software | Panza","isPartOf":{"@id":"https:\/\/panza.ca\/en\/#website"},"primaryImageOfPage":{"@id":"https:\/\/panza.ca\/en\/produit\/system-subscription\/#primaryimage"},"image":{"@id":"https:\/\/panza.ca\/en\/produit\/system-subscription\/#primaryimage"},"thumbnailUrl":"https:\/\/panza.ca\/wp-content\/uploads\/2024\/02\/lanceur.png","datePublished":"2023-08-22T20:37:20+00:00","dateModified":"2023-08-22T20:37:20+00:00","description":"Choose your POS software subscription. Choose the package that best suits your needs and get a 2-month free trial!","breadcrumb":{"@id":"https:\/\/panza.ca\/en\/produit\/system-subscription\/#breadcrumb"},"inLanguage":"en-US","potentialAction":[{"@type":"ReadAction","target":["https:\/\/panza.ca\/en\/produit\/system-subscription\/"]}]},{"@type":"ImageObject","inLanguage":"en-US","@id":"https:\/\/panza.ca\/en\/produit\/system-subscription\/#primaryimage","url":"https:\/\/panza.ca\/wp-content\/uploads\/2024\/02\/lanceur.png","contentUrl":"https:\/\/panza.ca\/wp-content\/uploads\/2024\/02\/lanceur.png","width":298,"height":301,"caption":"Panza software"},{"@type":"BreadcrumbList","@id":"https:\/\/panza.ca\/en\/produit\/system-subscription\/#breadcrumb","itemListElement":[{"@type":"ListItem","position":1,"name":"Accueil","item":"https:\/\/panza.ca\/en\/"},{"@type":"ListItem","position":2,"name":"Shop","item":"https:\/\/panza.ca\/en\/shop\/"},{"@type":"ListItem","position":3,"name":"System subscription"}]},{"@type":"WebSite","@id":"https:\/\/panza.ca\/en\/#website","url":"https:\/\/panza.ca\/en\/","name":"Le syst\u00e8me logiciel Panza","description":"La solution logicielle tout-en-un int\u00e9gr\u00e9e avec POS","publisher":{"@id":"https:\/\/panza.ca\/en\/#organization"},"alternateName":"Panza","potentialAction":[{"@type":"SearchAction","target":{"@type":"EntryPoint","urlTemplate":"https:\/\/panza.ca\/en\/?s={search_term_string}"},"query-input":"required name=search_term_string"}],"inLanguage":"en-US"},{"@type":"Organization","@id":"https:\/\/panza.ca\/en\/#organization","name":"Le syst\u00e8me logiciel Panza","alternateName":"Panza","url":"https:\/\/panza.ca\/en\/","logo":{"@type":"ImageObject","inLanguage":"en-US","@id":"https:\/\/panza.ca\/en\/#\/schema\/logo\/image\/","url":"https:\/\/panza.ca\/wp-content\/uploads\/2023\/08\/Panza_Primary_logo.png","contentUrl":"https:\/\/panza.ca\/wp-content\/uploads\/2023\/08\/Panza_Primary_logo.png","width":434,"height":165,"caption":"Le syst\u00e8me logiciel Panza"},"image":{"@id":"https:\/\/panza.ca\/en\/#\/schema\/logo\/image\/"}}]}},"_links":{"self":[{"href":"https:\/\/panza.ca\/en\/wp-json\/wp\/v2\/product\/2177","targetHints":{"allow":["GET"]}}],"collection":[{"href":"https:\/\/panza.ca\/en\/wp-json\/wp\/v2\/product"}],"about":[{"href":"https:\/\/panza.ca\/en\/wp-json\/wp\/v2\/types\/product"}],"wp:featuredmedia":[{"embeddable":true,"href":"https:\/\/panza.ca\/en\/wp-json\/wp\/v2\/media\/2048"}],"wp:attachment":[{"href":"https:\/\/panza.ca\/en\/wp-json\/wp\/v2\/media?parent=2177"}],"wp:term":[{"taxonomy":"product_cat","embeddable":true,"href":"https:\/\/panza.ca\/en\/wp-json\/wp\/v2\/product_cat?post=2177"},{"taxonomy":"product_tag","embeddable":true,"href":"https:\/\/panza.ca\/en\/wp-json\/wp\/v2\/product_tag?post=2177"}],"curies":[{"name":"wp","href":"https:\/\/api.w.org\/{rel}","templated":true}]}}