{"id":2120,"date":"2023-12-06T01:15:34","date_gmt":"2023-12-06T06:15:34","guid":{"rendered":"https:\/\/panza.ca\/features\/time-recorder\/"},"modified":"2026-03-22T22:00:37","modified_gmt":"2026-03-23T02:00:37","slug":"time-recorder","status":"publish","type":"page","link":"https:\/\/panza.ca\/en\/features\/time-recorder\/","title":{"rendered":"Employee Hours Management"},"content":{"rendered":"\t\t<div data-elementor-type=\"wp-page\" data-elementor-id=\"2120\" class=\"elementor elementor-2120 elementor-495\" data-elementor-post-type=\"page\">\n\t\t\t\t\t\t<section class=\"elementor-section elementor-top-section elementor-element elementor-element-740548c4 elementor-section-height-min-height elementor-section-full_width elementor-section-height-default elementor-section-items-middle\" data-id=\"740548c4\" data-element_type=\"section\" data-e-type=\"section\" data-settings=\"{&quot;background_background&quot;:&quot;classic&quot;}\">\n\t\t\t\t\t\t<div class=\"elementor-container elementor-column-gap-default\">\n\t\t\t\t\t<div class=\"elementor-column elementor-col-100 elementor-top-column elementor-element elementor-element-7715cd67\" data-id=\"7715cd67\" data-element_type=\"column\" data-e-type=\"column\">\n\t\t\t<div class=\"elementor-widget-wrap elementor-element-populated\">\n\t\t\t\t\t\t<section class=\"elementor-section elementor-inner-section elementor-element elementor-element-51674273 elementor-section-full_width elementor-section-height-default elementor-section-height-default\" data-id=\"51674273\" data-element_type=\"section\" data-e-type=\"section\">\n\t\t\t\t\t\t<div class=\"elementor-container elementor-column-gap-default\">\n\t\t\t\t\t<div class=\"elementor-column elementor-col-100 elementor-inner-column elementor-element elementor-element-11ce2da6\" data-id=\"11ce2da6\" data-element_type=\"column\" data-e-type=\"column\">\n\t\t\t<div class=\"elementor-widget-wrap elementor-element-populated\">\n\t\t\t\t\t\t<div class=\"elementor-element elementor-element-1d8ecd elementor-widget-divider--view-line elementor-widget elementor-widget-divider\" data-id=\"1d8ecd\" data-element_type=\"widget\" data-e-type=\"widget\" data-settings=\"{&quot;motion_fx_motion_fx_scrolling&quot;:&quot;yes&quot;,&quot;motion_fx_translateX_effect&quot;:&quot;yes&quot;,&quot;motion_fx_translateX_speed&quot;:{&quot;unit&quot;:&quot;px&quot;,&quot;size&quot;:2,&quot;sizes&quot;:[]},&quot;motion_fx_translateX_affectedRange&quot;:{&quot;unit&quot;:&quot;%&quot;,&quot;size&quot;:&quot;&quot;,&quot;sizes&quot;:{&quot;start&quot;:0,&quot;end&quot;:100}},&quot;motion_fx_devices&quot;:[&quot;desktop&quot;,&quot;tablet&quot;,&quot;mobile&quot;]}\" data-widget_type=\"divider.default\">\n\t\t\t\t<div class=\"elementor-widget-container\">\n\t\t\t\t\t\t\t<div class=\"elementor-divider\">\n\t\t\t<span class=\"elementor-divider-separator\">\n\t\t\t\t\t\t<\/span>\n\t\t<\/div>\n\t\t\t\t\t\t<\/div>\n\t\t\t\t<\/div>\n\t\t\t\t<div class=\"elementor-element elementor-element-25343ee7 elementor-widget elementor-widget-heading\" data-id=\"25343ee7\" data-element_type=\"widget\" data-e-type=\"widget\" data-widget_type=\"heading.default\">\n\t\t\t\t<div class=\"elementor-widget-container\">\n\t\t\t\t\t<h1 class=\"elementor-heading-title elementor-size-default\">Employee Hours Management<\/h1>\t\t\t\t<\/div>\n\t\t\t\t<\/div>\n\t\t\t\t<div class=\"elementor-element elementor-element-4100a1aa elementor-widget-divider--view-line elementor-widget elementor-widget-divider\" data-id=\"4100a1aa\" data-element_type=\"widget\" data-e-type=\"widget\" data-settings=\"{&quot;motion_fx_motion_fx_scrolling&quot;:&quot;yes&quot;,&quot;motion_fx_translateX_effect&quot;:&quot;yes&quot;,&quot;motion_fx_translateX_direction&quot;:&quot;negative&quot;,&quot;motion_fx_translateX_speed&quot;:{&quot;unit&quot;:&quot;px&quot;,&quot;size&quot;:2,&quot;sizes&quot;:[]},&quot;motion_fx_translateX_affectedRange&quot;:{&quot;unit&quot;:&quot;%&quot;,&quot;size&quot;:&quot;&quot;,&quot;sizes&quot;:{&quot;start&quot;:0,&quot;end&quot;:100}},&quot;motion_fx_devices&quot;:[&quot;desktop&quot;,&quot;tablet&quot;,&quot;mobile&quot;]}\" data-widget_type=\"divider.default\">\n\t\t\t\t<div class=\"elementor-widget-container\">\n\t\t\t\t\t\t\t<div class=\"elementor-divider\">\n\t\t\t<span class=\"elementor-divider-separator\">\n\t\t\t\t\t\t<\/span>\n\t\t<\/div>\n\t\t\t\t\t\t<\/div>\n\t\t\t\t<\/div>\n\t\t\t\t\t<\/div>\n\t\t<\/div>\n\t\t\t\t\t<\/div>\n\t\t<\/section>\n\t\t\t\t\t<\/div>\n\t\t<\/div>\n\t\t\t\t\t<\/div>\n\t\t<\/section>\n\t\t\t\t<section class=\"elementor-section elementor-top-section elementor-element elementor-element-9298eff elementor-section-boxed elementor-section-height-default elementor-section-height-default\" data-id=\"9298eff\" data-element_type=\"section\" data-e-type=\"section\">\n\t\t\t\t\t\t<div class=\"elementor-container elementor-column-gap-default\">\n\t\t\t\t\t<div class=\"elementor-column elementor-col-100 elementor-top-column elementor-element elementor-element-401cc50\" data-id=\"401cc50\" data-element_type=\"column\" data-e-type=\"column\">\n\t\t\t<div class=\"elementor-widget-wrap elementor-element-populated\">\n\t\t\t\t\t\t<div class=\"elementor-element elementor-element-7251dba9 elementor-widget elementor-widget-heading\" data-id=\"7251dba9\" data-element_type=\"widget\" data-e-type=\"widget\" data-widget_type=\"heading.default\">\n\t\t\t\t<div class=\"elementor-widget-container\">\n\t\t\t\t\t<h2 class=\"elementor-heading-title elementor-size-default\">Employee Hours Management Made Easy<\/h2>\t\t\t\t<\/div>\n\t\t\t\t<\/div>\n\t\t\t\t<div class=\"elementor-element elementor-element-1ff1b33d elementor-widget elementor-widget-text-editor\" data-id=\"1ff1b33d\" data-element_type=\"widget\" data-e-type=\"widget\" data-widget_type=\"text-editor.default\">\n\t\t\t\t<div class=\"elementor-widget-container\">\n\t\t\t\t\t\t\t\t\t<p>Keeping track of your employees&#8217; hours worked should be simple. Panza&#8217;s time and attendance software automatically records hours, exports them into your payroll software. No more manual entry errors.<\/p>\t\t\t\t\t\t\t\t<\/div>\n\t\t\t\t<\/div>\n\t\t\t\t<div class=\"elementor-element elementor-element-d430791 elementor-align-center elementor-tablet-align-center elementor-widget elementor-widget-button\" data-id=\"d430791\" data-element_type=\"widget\" data-e-type=\"widget\" data-widget_type=\"button.default\">\n\t\t\t\t<div class=\"elementor-widget-container\">\n\t\t\t\t\t\t\t\t\t<div class=\"elementor-button-wrapper\">\n\t\t\t\t\t<a class=\"elementor-button elementor-button-link elementor-size-sm\" href=\"https:\/\/panza.ca\/en\/contact\/\">\n\t\t\t\t\t\t<span class=\"elementor-button-content-wrapper\">\n\t\t\t\t\t\t\t\t\t<span class=\"elementor-button-text\">Talk to an expert<\/span>\n\t\t\t\t\t<\/span>\n\t\t\t\t\t<\/a>\n\t\t\t\t<\/div>\n\t\t\t\t\t\t\t\t<\/div>\n\t\t\t\t<\/div>\n\t\t\t\t<div class=\"elementor-element elementor-element-3633625 elementor-widget__width-auto elementor-absolute elementor-hidden-mobile elementor-view-default elementor-widget elementor-widget-icon\" data-id=\"3633625\" data-element_type=\"widget\" data-e-type=\"widget\" data-settings=\"{&quot;_position&quot;:&quot;absolute&quot;}\" data-widget_type=\"icon.default\">\n\t\t\t\t<div class=\"elementor-widget-container\">\n\t\t\t\t\t\t\t<div class=\"elementor-icon-wrapper\">\n\t\t\t<div class=\"elementor-icon\">\n\t\t\t<i aria-hidden=\"true\" class=\"fas fa-circle\"><\/i>\t\t\t<\/div>\n\t\t<\/div>\n\t\t\t\t\t\t<\/div>\n\t\t\t\t<\/div>\n\t\t\t\t<div class=\"elementor-element elementor-element-b9dda0f elementor-widget__width-auto elementor-absolute elementor-hidden-mobile elementor-view-default elementor-widget elementor-widget-icon\" data-id=\"b9dda0f\" data-element_type=\"widget\" data-e-type=\"widget\" data-settings=\"{&quot;_position&quot;:&quot;absolute&quot;}\" data-widget_type=\"icon.default\">\n\t\t\t\t<div class=\"elementor-widget-container\">\n\t\t\t\t\t\t\t<div class=\"elementor-icon-wrapper\">\n\t\t\t<div class=\"elementor-icon\">\n\t\t\t<i aria-hidden=\"true\" class=\"fas fa-circle\"><\/i>\t\t\t<\/div>\n\t\t<\/div>\n\t\t\t\t\t\t<\/div>\n\t\t\t\t<\/div>\n\t\t\t\t<div class=\"elementor-element elementor-element-c8adc83 elementor-widget__width-auto elementor-absolute elementor-hidden-mobile elementor-view-default elementor-widget elementor-widget-icon\" data-id=\"c8adc83\" data-element_type=\"widget\" data-e-type=\"widget\" data-settings=\"{&quot;_position&quot;:&quot;absolute&quot;}\" data-widget_type=\"icon.default\">\n\t\t\t\t<div class=\"elementor-widget-container\">\n\t\t\t\t\t\t\t<div class=\"elementor-icon-wrapper\">\n\t\t\t<div class=\"elementor-icon\">\n\t\t\t<i aria-hidden=\"true\" class=\"fas fa-circle\"><\/i>\t\t\t<\/div>\n\t\t<\/div>\n\t\t\t\t\t\t<\/div>\n\t\t\t\t<\/div>\n\t\t\t\t\t<\/div>\n\t\t<\/div>\n\t\t\t\t\t<\/div>\n\t\t<\/section>\n\t\t\t\t<section class=\"elementor-section elementor-top-section elementor-element elementor-element-1f8f354 elementor-section-boxed elementor-section-height-default elementor-section-height-default\" data-id=\"1f8f354\" data-element_type=\"section\" data-e-type=\"section\">\n\t\t\t\t\t\t<div class=\"elementor-container elementor-column-gap-default\">\n\t\t\t\t\t<div class=\"elementor-column elementor-col-50 elementor-top-column elementor-element elementor-element-73b507c\" data-id=\"73b507c\" data-element_type=\"column\" data-e-type=\"column\">\n\t\t\t<div class=\"elementor-widget-wrap elementor-element-populated\">\n\t\t\t\t\t\t<div class=\"elementor-element elementor-element-6db4f72 elementor-widget__width-initial elementor-widget elementor-widget-image\" data-id=\"6db4f72\" data-element_type=\"widget\" data-e-type=\"widget\" data-widget_type=\"image.default\">\n\t\t\t\t<div class=\"elementor-widget-container\">\n\t\t\t\t\t\t\t\t\t\t\t\t\t\t\t\t<a href=\"https:\/\/panza.ca\/wp-content\/uploads\/2024\/02\/2024-02-19_10-51-29.png\" data-elementor-open-lightbox=\"yes\" data-elementor-lightbox-title=\"Time Clock Module\" data-elementor-lightbox-description=\"The Time Clock module allows employees to log their worked hours. Managers can then review and approve regular hours, overtime, and holiday time.\" data-e-action-hash=\"#elementor-action%3Aaction%3Dlightbox%26settings%3DeyJpZCI6MjA1OSwidXJsIjoiaHR0cHM6XC9cL3BhbnphLmNhXC93cC1jb250ZW50XC91cGxvYWRzXC8yMDI0XC8wMlwvMjAyNC0wMi0xOV8xMC01MS0yOS5wbmcifQ%3D%3D\">\n\t\t\t\t\t\t\t<img fetchpriority=\"high\" decoding=\"async\" width=\"768\" height=\"398\" src=\"https:\/\/panza.ca\/wp-content\/uploads\/2024\/02\/2024-02-19_10-51-29.png\" class=\"attachment-medium_large size-medium_large wp-image-2059\" alt=\"\" \/>\t\t\t\t\t\t\t\t<\/a>\n\t\t\t\t\t\t\t\t\t\t\t\t\t\t\t<\/div>\n\t\t\t\t<\/div>\n\t\t\t\t\t<\/div>\n\t\t<\/div>\n\t\t\t\t<div class=\"elementor-column elementor-col-50 elementor-top-column elementor-element elementor-element-7b13a19\" data-id=\"7b13a19\" data-element_type=\"column\" data-e-type=\"column\">\n\t\t\t<div class=\"elementor-widget-wrap elementor-element-populated\">\n\t\t\t\t\t\t<div class=\"elementor-element elementor-element-d0254e7 elementor-widget elementor-widget-heading\" data-id=\"d0254e7\" data-element_type=\"widget\" data-e-type=\"widget\" data-widget_type=\"heading.default\">\n\t\t\t\t<div class=\"elementor-widget-container\">\n\t\t\t\t\t<h2 class=\"elementor-heading-title elementor-size-default\">Employee time tracking<\/h2>\t\t\t\t<\/div>\n\t\t\t\t<\/div>\n\t\t\t\t<div class=\"elementor-element elementor-element-ca8491f elementor-widget elementor-widget-text-editor\" data-id=\"ca8491f\" data-element_type=\"widget\" data-e-type=\"widget\" data-widget_type=\"text-editor.default\">\n\t\t\t\t<div class=\"elementor-widget-container\">\n\t\t\t\t\t\t\t\t\t<p>Simplify the task of calculating and tracking hours worked with Panza&#8217;s time clock, and integrate seamlessly with payroll. Track labor costs more easily. <\/p><ul><li>Payroll and payroll system connected to time clock and Acomba<\/li><li>Module for time entry, salary entry and employee function definition<\/li><li>View hours worked during the week<\/li><li>Creating and modifying employee work schedules<\/li><li>Time recording<\/li><li>Automatic application of labour standards beyond 40 hours and on public holidays<\/li><li>Modification of employee salaries and duties, as well as company functions and departments<\/li><\/ul>\t\t\t\t\t\t\t\t<\/div>\n\t\t\t\t<\/div>\n\t\t\t\t<div class=\"elementor-element elementor-element-6093a20 elementor-widget elementor-widget-button\" data-id=\"6093a20\" data-element_type=\"widget\" data-e-type=\"widget\" data-widget_type=\"button.default\">\n\t\t\t\t<div class=\"elementor-widget-container\">\n\t\t\t\t\t\t\t\t\t<div class=\"elementor-button-wrapper\">\n\t\t\t\t\t<a class=\"elementor-button elementor-button-link elementor-size-sm\" href=\"https:\/\/panza.ca\/en\/contact\/\">\n\t\t\t\t\t\t<span class=\"elementor-button-content-wrapper\">\n\t\t\t\t\t\t\t\t\t<span class=\"elementor-button-text\">Talk to an expert<\/span>\n\t\t\t\t\t<\/span>\n\t\t\t\t\t<\/a>\n\t\t\t\t<\/div>\n\t\t\t\t\t\t\t\t<\/div>\n\t\t\t\t<\/div>\n\t\t\t\t\t<\/div>\n\t\t<\/div>\n\t\t\t\t\t<\/div>\n\t\t<\/section>\n\t\t\t\t<\/div>\n\t\t","protected":false},"excerpt":{"rendered":"<p>Employee Hours Management Employee Hours Management Made Easy Keeping track of your employees&#8217; hours worked should be simple. Panza&#8217;s time and attendance software automatically records hours, exports them into your payroll software. No more manual entry errors. Talk to an expert Employee time tracking Simplify the task of calculating and tracking hours worked with Panza&#8217;s [&hellip;]<\/p>\n","protected":false},"author":1,"featured_media":0,"parent":2095,"menu_order":0,"comment_status":"closed","ping_status":"closed","template":"","meta":{"_eb_attr":"","site-sidebar-layout":"no-sidebar","site-content-layout":"page-builder","ast-site-content-layout":"","site-content-style":"default","site-sidebar-style":"default","ast-global-header-display":"","ast-banner-title-visibility":"","ast-main-header-display":"","ast-hfb-above-header-display":"","ast-hfb-below-header-display":"","ast-hfb-mobile-header-display":"","site-post-title":"disabled","ast-breadcrumbs-content":"","ast-featured-img":"disabled","footer-sml-layout":"","theme-transparent-header-meta":"","adv-header-id-meta":"","stick-header-meta":"","header-above-stick-meta":"","header-main-stick-meta":"","header-below-stick-meta":"","astra-migrate-meta-layouts":"default","ast-page-background-enabled":"default","ast-page-background-meta":{"desktop":{"background-color":"var(--ast-global-color-4)","background-image":"","background-repeat":"repeat","background-position":"center center","background-size":"auto","background-attachment":"scroll","background-type":"","background-media":"","overlay-type":"","overlay-color":"","overlay-opacity":"","overlay-gradient":""},"tablet":{"background-color":"","background-image":"","background-repeat":"repeat","background-position":"center center","background-size":"auto","background-attachment":"scroll","background-type":"","background-media":"","overlay-type":"","overlay-color":"","overlay-opacity":"","overlay-gradient":""},"mobile":{"background-color":"","background-image":"","background-repeat":"repeat","background-position":"center center","background-size":"auto","background-attachment":"scroll","background-type":"","background-media":"","overlay-type":"","overlay-color":"","overlay-opacity":"","overlay-gradient":""}},"ast-content-background-meta":{"desktop":{"background-color":"var(--ast-global-color-5)","background-image":"","background-repeat":"repeat","background-position":"center center","background-size":"auto","background-attachment":"scroll","background-type":"","background-media":"","overlay-type":"","overlay-color":"","overlay-opacity":"","overlay-gradient":""},"tablet":{"background-color":"var(--ast-global-color-5)","background-image":"","background-repeat":"repeat","background-position":"center center","background-size":"auto","background-attachment":"scroll","background-type":"","background-media":"","overlay-type":"","overlay-color":"","overlay-opacity":"","overlay-gradient":""},"mobile":{"background-color":"var(--ast-global-color-5)","background-image":"","background-repeat":"repeat","background-position":"center center","background-size":"auto","background-attachment":"scroll","background-type":"","background-media":"","overlay-type":"","overlay-color":"","overlay-opacity":"","overlay-gradient":""}},"footnotes":""},"class_list":["post-2120","page","type-page","status-publish","hentry"],"yoast_head":"<!-- This site is optimized with the Yoast SEO Premium plugin v23.3 (Yoast SEO v23.3) - https:\/\/yoast.com\/wordpress\/plugins\/seo\/ -->\n<title>Time and attendance software | POS software | Panza<\/title>\n<meta name=\"description\" content=\"Simplify your employee time recording with our time and attendance software. Track your labor costs more easily!\" \/>\n<meta name=\"robots\" content=\"index, follow, max-snippet:-1, max-image-preview:large, max-video-preview:-1\" \/>\n<link rel=\"canonical\" href=\"https:\/\/panza.ca\/en\/features\/time-recorder\/\" \/>\n<meta property=\"og:locale\" content=\"en_US\" \/>\n<meta property=\"og:type\" content=\"article\" \/>\n<meta property=\"og:title\" content=\"Employee Hours Management\" \/>\n<meta property=\"og:description\" content=\"Simplify your employee time recording with our time and attendance software. Track your labor costs more easily!\" \/>\n<meta property=\"og:url\" content=\"https:\/\/panza.ca\/en\/features\/time-recorder\/\" \/>\n<meta property=\"og:site_name\" content=\"Panza\" \/>\n<meta property=\"article:modified_time\" content=\"2026-03-23T02:00:37+00:00\" \/>\n<meta property=\"og:image\" content=\"https:\/\/panza.ca\/wp-content\/uploads\/2024\/02\/2024-02-19_10-51-29.png\" \/>\n<meta name=\"twitter:card\" content=\"summary_large_image\" \/>\n<meta name=\"twitter:label1\" content=\"Est. reading time\" \/>\n\t<meta name=\"twitter:data1\" content=\"1 minute\" \/>\n<script type=\"application\/ld+json\" class=\"yoast-schema-graph\">{\"@context\":\"https:\/\/schema.org\",\"@graph\":[{\"@type\":\"WebPage\",\"@id\":\"https:\/\/panza.ca\/en\/features\/time-recorder\/\",\"url\":\"https:\/\/panza.ca\/en\/features\/time-recorder\/\",\"name\":\"Time and attendance software | POS software | Panza\",\"isPartOf\":{\"@id\":\"https:\/\/panza.ca\/en\/#website\"},\"primaryImageOfPage\":{\"@id\":\"https:\/\/panza.ca\/en\/features\/time-recorder\/#primaryimage\"},\"image\":{\"@id\":\"https:\/\/panza.ca\/en\/features\/time-recorder\/#primaryimage\"},\"thumbnailUrl\":\"https:\/\/panza.ca\/wp-content\/uploads\/2024\/02\/2024-02-19_10-51-29.png\",\"datePublished\":\"2023-12-06T06:15:34+00:00\",\"dateModified\":\"2026-03-23T02:00:37+00:00\",\"description\":\"Simplify your employee time recording with our time and attendance software. Track your labor costs more easily!\",\"breadcrumb\":{\"@id\":\"https:\/\/panza.ca\/en\/features\/time-recorder\/#breadcrumb\"},\"inLanguage\":\"en-US\",\"potentialAction\":[{\"@type\":\"ReadAction\",\"target\":[\"https:\/\/panza.ca\/en\/features\/time-recorder\/\"]}]},{\"@type\":\"ImageObject\",\"inLanguage\":\"en-US\",\"@id\":\"https:\/\/panza.ca\/en\/features\/time-recorder\/#primaryimage\",\"url\":\"https:\/\/panza.ca\/wp-content\/uploads\/2024\/02\/2024-02-19_10-51-29.png\",\"contentUrl\":\"https:\/\/panza.ca\/wp-content\/uploads\/2024\/02\/2024-02-19_10-51-29.png\"},{\"@type\":\"BreadcrumbList\",\"@id\":\"https:\/\/panza.ca\/en\/features\/time-recorder\/#breadcrumb\",\"itemListElement\":[{\"@type\":\"ListItem\",\"position\":1,\"name\":\"Accueil\",\"item\":\"https:\/\/panza.ca\/en\/\"},{\"@type\":\"ListItem\",\"position\":2,\"name\":\"Features\",\"item\":\"https:\/\/panza.ca\/en\/features\/\"},{\"@type\":\"ListItem\",\"position\":3,\"name\":\"Employee Hours Management\"}]},{\"@type\":\"WebSite\",\"@id\":\"https:\/\/panza.ca\/en\/#website\",\"url\":\"https:\/\/panza.ca\/en\/\",\"name\":\"Le syst\u00e8me logiciel Panza\",\"description\":\"La solution logicielle tout-en-un int\u00e9gr\u00e9e avec POS\",\"publisher\":{\"@id\":\"https:\/\/panza.ca\/en\/#organization\"},\"alternateName\":\"Panza\",\"potentialAction\":[{\"@type\":\"SearchAction\",\"target\":{\"@type\":\"EntryPoint\",\"urlTemplate\":\"https:\/\/panza.ca\/en\/?s={search_term_string}\"},\"query-input\":\"required name=search_term_string\"}],\"inLanguage\":\"en-US\"},{\"@type\":\"Organization\",\"@id\":\"https:\/\/panza.ca\/en\/#organization\",\"name\":\"Le syst\u00e8me logiciel Panza\",\"alternateName\":\"Panza\",\"url\":\"https:\/\/panza.ca\/en\/\",\"logo\":{\"@type\":\"ImageObject\",\"inLanguage\":\"en-US\",\"@id\":\"https:\/\/panza.ca\/en\/#\/schema\/logo\/image\/\",\"url\":\"https:\/\/panza.ca\/wp-content\/uploads\/2023\/08\/Panza_Primary_logo.png\",\"contentUrl\":\"https:\/\/panza.ca\/wp-content\/uploads\/2023\/08\/Panza_Primary_logo.png\",\"width\":434,\"height\":165,\"caption\":\"Le syst\u00e8me logiciel Panza\"},\"image\":{\"@id\":\"https:\/\/panza.ca\/en\/#\/schema\/logo\/image\/\"}}]}<\/script>\n<!-- \/ Yoast SEO Premium plugin. -->","yoast_head_json":{"title":"Time and attendance software | POS software | Panza","description":"Simplify your employee time recording with our time and attendance software. Track your labor costs more easily!","robots":{"index":"index","follow":"follow","max-snippet":"max-snippet:-1","max-image-preview":"max-image-preview:large","max-video-preview":"max-video-preview:-1"},"canonical":"https:\/\/panza.ca\/en\/features\/time-recorder\/","og_locale":"en_US","og_type":"article","og_title":"Employee Hours Management","og_description":"Simplify your employee time recording with our time and attendance software. Track your labor costs more easily!","og_url":"https:\/\/panza.ca\/en\/features\/time-recorder\/","og_site_name":"Panza","article_modified_time":"2026-03-23T02:00:37+00:00","og_image":[{"url":"https:\/\/panza.ca\/wp-content\/uploads\/2024\/02\/2024-02-19_10-51-29.png"}],"twitter_card":"summary_large_image","twitter_misc":{"Est. reading time":"1 minute"},"schema":{"@context":"https:\/\/schema.org","@graph":[{"@type":"WebPage","@id":"https:\/\/panza.ca\/en\/features\/time-recorder\/","url":"https:\/\/panza.ca\/en\/features\/time-recorder\/","name":"Time and attendance software | POS software | Panza","isPartOf":{"@id":"https:\/\/panza.ca\/en\/#website"},"primaryImageOfPage":{"@id":"https:\/\/panza.ca\/en\/features\/time-recorder\/#primaryimage"},"image":{"@id":"https:\/\/panza.ca\/en\/features\/time-recorder\/#primaryimage"},"thumbnailUrl":"https:\/\/panza.ca\/wp-content\/uploads\/2024\/02\/2024-02-19_10-51-29.png","datePublished":"2023-12-06T06:15:34+00:00","dateModified":"2026-03-23T02:00:37+00:00","description":"Simplify your employee time recording with our time and attendance software. Track your labor costs more easily!","breadcrumb":{"@id":"https:\/\/panza.ca\/en\/features\/time-recorder\/#breadcrumb"},"inLanguage":"en-US","potentialAction":[{"@type":"ReadAction","target":["https:\/\/panza.ca\/en\/features\/time-recorder\/"]}]},{"@type":"ImageObject","inLanguage":"en-US","@id":"https:\/\/panza.ca\/en\/features\/time-recorder\/#primaryimage","url":"https:\/\/panza.ca\/wp-content\/uploads\/2024\/02\/2024-02-19_10-51-29.png","contentUrl":"https:\/\/panza.ca\/wp-content\/uploads\/2024\/02\/2024-02-19_10-51-29.png"},{"@type":"BreadcrumbList","@id":"https:\/\/panza.ca\/en\/features\/time-recorder\/#breadcrumb","itemListElement":[{"@type":"ListItem","position":1,"name":"Accueil","item":"https:\/\/panza.ca\/en\/"},{"@type":"ListItem","position":2,"name":"Features","item":"https:\/\/panza.ca\/en\/features\/"},{"@type":"ListItem","position":3,"name":"Employee Hours Management"}]},{"@type":"WebSite","@id":"https:\/\/panza.ca\/en\/#website","url":"https:\/\/panza.ca\/en\/","name":"Le syst\u00e8me logiciel Panza","description":"La solution logicielle tout-en-un int\u00e9gr\u00e9e avec POS","publisher":{"@id":"https:\/\/panza.ca\/en\/#organization"},"alternateName":"Panza","potentialAction":[{"@type":"SearchAction","target":{"@type":"EntryPoint","urlTemplate":"https:\/\/panza.ca\/en\/?s={search_term_string}"},"query-input":"required name=search_term_string"}],"inLanguage":"en-US"},{"@type":"Organization","@id":"https:\/\/panza.ca\/en\/#organization","name":"Le syst\u00e8me logiciel Panza","alternateName":"Panza","url":"https:\/\/panza.ca\/en\/","logo":{"@type":"ImageObject","inLanguage":"en-US","@id":"https:\/\/panza.ca\/en\/#\/schema\/logo\/image\/","url":"https:\/\/panza.ca\/wp-content\/uploads\/2023\/08\/Panza_Primary_logo.png","contentUrl":"https:\/\/panza.ca\/wp-content\/uploads\/2023\/08\/Panza_Primary_logo.png","width":434,"height":165,"caption":"Le syst\u00e8me logiciel Panza"},"image":{"@id":"https:\/\/panza.ca\/en\/#\/schema\/logo\/image\/"}}]}},"_links":{"self":[{"href":"https:\/\/panza.ca\/en\/wp-json\/wp\/v2\/pages\/2120","targetHints":{"allow":["GET"]}}],"collection":[{"href":"https:\/\/panza.ca\/en\/wp-json\/wp\/v2\/pages"}],"about":[{"href":"https:\/\/panza.ca\/en\/wp-json\/wp\/v2\/types\/page"}],"author":[{"embeddable":true,"href":"https:\/\/panza.ca\/en\/wp-json\/wp\/v2\/users\/1"}],"replies":[{"embeddable":true,"href":"https:\/\/panza.ca\/en\/wp-json\/wp\/v2\/comments?post=2120"}],"version-history":[{"count":14,"href":"https:\/\/panza.ca\/en\/wp-json\/wp\/v2\/pages\/2120\/revisions"}],"predecessor-version":[{"id":2877,"href":"https:\/\/panza.ca\/en\/wp-json\/wp\/v2\/pages\/2120\/revisions\/2877"}],"up":[{"embeddable":true,"href":"https:\/\/panza.ca\/en\/wp-json\/wp\/v2\/pages\/2095"}],"wp:attachment":[{"href":"https:\/\/panza.ca\/en\/wp-json\/wp\/v2\/media?parent=2120"}],"curies":[{"name":"wp","href":"https:\/\/api.w.org\/{rel}","templated":true}]}}