{"id":2086,"date":"2023-10-31T15:49:26","date_gmt":"2023-10-31T19:49:26","guid":{"rendered":"https:\/\/panza.ca\/sectors-of-activity\/"},"modified":"2026-03-14T13:35:22","modified_gmt":"2026-03-14T17:35:22","slug":"sectors-of-activity","status":"publish","type":"page","link":"https:\/\/panza.ca\/en\/sectors-of-activity\/","title":{"rendered":"Sectors of activity"},"content":{"rendered":"","protected":false},"excerpt":{"rendered":"","protected":false},"author":1,"featured_media":0,"parent":0,"menu_order":0,"comment_status":"closed","ping_status":"closed","template":"","meta":{"_eb_attr":"","site-sidebar-layout":"default","site-content-layout":"","ast-site-content-layout":"","site-content-style":"default","site-sidebar-style":"default","ast-global-header-display":"","ast-banner-title-visibility":"","ast-main-header-display":"","ast-hfb-above-header-display":"","ast-hfb-below-header-display":"","ast-hfb-mobile-header-display":"","site-post-title":"","ast-breadcrumbs-content":"","ast-featured-img":"","footer-sml-layout":"","theme-transparent-header-meta":"","adv-header-id-meta":"","stick-header-meta":"","header-above-stick-meta":"","header-main-stick-meta":"","header-below-stick-meta":"","astra-migrate-meta-layouts":"default","ast-page-background-enabled":"default","ast-page-background-meta":{"desktop":{"background-color":"var(--ast-global-color-4)","background-image":"","background-repeat":"repeat","background-position":"center center","background-size":"auto","background-attachment":"scroll","background-type":"","background-media":"","overlay-type":"","overlay-color":"","overlay-opacity":"","overlay-gradient":""},"tablet":{"background-color":"","background-image":"","background-repeat":"repeat","background-position":"center center","background-size":"auto","background-attachment":"scroll","background-type":"","background-media":"","overlay-type":"","overlay-color":"","overlay-opacity":"","overlay-gradient":""},"mobile":{"background-color":"","background-image":"","background-repeat":"repeat","background-position":"center center","background-size":"auto","background-attachment":"scroll","background-type":"","background-media":"","overlay-type":"","overlay-color":"","overlay-opacity":"","overlay-gradient":""}},"ast-content-background-meta":{"desktop":{"background-color":"var(--ast-global-color-5)","background-image":"","background-repeat":"repeat","background-position":"center center","background-size":"auto","background-attachment":"scroll","background-type":"","background-media":"","overlay-type":"","overlay-color":"","overlay-opacity":"","overlay-gradient":""},"tablet":{"background-color":"var(--ast-global-color-5)","background-image":"","background-repeat":"repeat","background-position":"center center","background-size":"auto","background-attachment":"scroll","background-type":"","background-media":"","overlay-type":"","overlay-color":"","overlay-opacity":"","overlay-gradient":""},"mobile":{"background-color":"var(--ast-global-color-5)","background-image":"","background-repeat":"repeat","background-position":"center center","background-size":"auto","background-attachment":"scroll","background-type":"","background-media":"","overlay-type":"","overlay-color":"","overlay-opacity":"","overlay-gradient":""}},"footnotes":""},"class_list":["post-2086","page","type-page","status-publish","hentry"],"yoast_head":"<!-- This site is optimized with the Yoast SEO Premium plugin v23.3 (Yoast SEO v23.3) - https:\/\/yoast.com\/wordpress\/plugins\/seo\/ -->\n<title>Sectors of activity - Panza<\/title>\n<meta name=\"description\" content=\"Discover the sectors Panza POS serves: grocery stores, caf\u00e9s, caterers, butcheries, and more. Streamline operations in your business today.\" \/>\n<meta name=\"robots\" content=\"index, follow, max-snippet:-1, max-image-preview:large, max-video-preview:-1\" \/>\n<link rel=\"canonical\" href=\"https:\/\/panza.ca\/en\/sectors-of-activity\/\" \/>\n<meta property=\"og:locale\" content=\"en_US\" \/>\n<meta property=\"og:type\" content=\"article\" \/>\n<meta property=\"og:title\" content=\"Sectors of activity\" \/>\n<meta property=\"og:description\" content=\"Discover the sectors Panza POS serves: grocery stores, caf\u00e9s, caterers, butcheries, and more. Streamline operations in your business today.\" \/>\n<meta property=\"og:url\" content=\"https:\/\/panza.ca\/en\/sectors-of-activity\/\" \/>\n<meta property=\"og:site_name\" content=\"Panza\" \/>\n<meta property=\"article:modified_time\" content=\"2026-03-14T17:35:22+00:00\" \/>\n<meta name=\"twitter:card\" content=\"summary_large_image\" \/>\n<script type=\"application\/ld+json\" class=\"yoast-schema-graph\">{\"@context\":\"https:\/\/schema.org\",\"@graph\":[{\"@type\":\"WebPage\",\"@id\":\"https:\/\/panza.ca\/en\/sectors-of-activity\/\",\"url\":\"https:\/\/panza.ca\/en\/sectors-of-activity\/\",\"name\":\"Sectors of activity - Panza\",\"isPartOf\":{\"@id\":\"https:\/\/panza.ca\/en\/#website\"},\"datePublished\":\"2023-10-31T19:49:26+00:00\",\"dateModified\":\"2026-03-14T17:35:22+00:00\",\"description\":\"Discover the sectors Panza POS serves: grocery stores, caf\u00e9s, caterers, butcheries, and more. Streamline operations in your business today.\",\"breadcrumb\":{\"@id\":\"https:\/\/panza.ca\/en\/sectors-of-activity\/#breadcrumb\"},\"inLanguage\":\"en-US\",\"potentialAction\":[{\"@type\":\"ReadAction\",\"target\":[\"https:\/\/panza.ca\/en\/sectors-of-activity\/\"]}]},{\"@type\":\"BreadcrumbList\",\"@id\":\"https:\/\/panza.ca\/en\/sectors-of-activity\/#breadcrumb\",\"itemListElement\":[{\"@type\":\"ListItem\",\"position\":1,\"name\":\"Accueil\",\"item\":\"https:\/\/panza.ca\/en\/\"},{\"@type\":\"ListItem\",\"position\":2,\"name\":\"Sectors of activity\"}]},{\"@type\":\"WebSite\",\"@id\":\"https:\/\/panza.ca\/en\/#website\",\"url\":\"https:\/\/panza.ca\/en\/\",\"name\":\"Le syst\u00e8me logiciel Panza\",\"description\":\"La solution logicielle tout-en-un int\u00e9gr\u00e9e avec POS\",\"publisher\":{\"@id\":\"https:\/\/panza.ca\/en\/#organization\"},\"alternateName\":\"Panza\",\"potentialAction\":[{\"@type\":\"SearchAction\",\"target\":{\"@type\":\"EntryPoint\",\"urlTemplate\":\"https:\/\/panza.ca\/en\/?s={search_term_string}\"},\"query-input\":\"required name=search_term_string\"}],\"inLanguage\":\"en-US\"},{\"@type\":\"Organization\",\"@id\":\"https:\/\/panza.ca\/en\/#organization\",\"name\":\"Le syst\u00e8me logiciel Panza\",\"alternateName\":\"Panza\",\"url\":\"https:\/\/panza.ca\/en\/\",\"logo\":{\"@type\":\"ImageObject\",\"inLanguage\":\"en-US\",\"@id\":\"https:\/\/panza.ca\/en\/#\/schema\/logo\/image\/\",\"url\":\"https:\/\/panza.ca\/wp-content\/uploads\/2023\/08\/Panza_Primary_logo.png\",\"contentUrl\":\"https:\/\/panza.ca\/wp-content\/uploads\/2023\/08\/Panza_Primary_logo.png\",\"width\":434,\"height\":165,\"caption\":\"Le syst\u00e8me logiciel Panza\"},\"image\":{\"@id\":\"https:\/\/panza.ca\/en\/#\/schema\/logo\/image\/\"}}]}<\/script>\n<!-- \/ Yoast SEO Premium plugin. -->","yoast_head_json":{"title":"Sectors of activity - Panza","description":"Discover the sectors Panza POS serves: grocery stores, caf\u00e9s, caterers, butcheries, and more. Streamline operations in your business today.","robots":{"index":"index","follow":"follow","max-snippet":"max-snippet:-1","max-image-preview":"max-image-preview:large","max-video-preview":"max-video-preview:-1"},"canonical":"https:\/\/panza.ca\/en\/sectors-of-activity\/","og_locale":"en_US","og_type":"article","og_title":"Sectors of activity","og_description":"Discover the sectors Panza POS serves: grocery stores, caf\u00e9s, caterers, butcheries, and more. Streamline operations in your business today.","og_url":"https:\/\/panza.ca\/en\/sectors-of-activity\/","og_site_name":"Panza","article_modified_time":"2026-03-14T17:35:22+00:00","twitter_card":"summary_large_image","schema":{"@context":"https:\/\/schema.org","@graph":[{"@type":"WebPage","@id":"https:\/\/panza.ca\/en\/sectors-of-activity\/","url":"https:\/\/panza.ca\/en\/sectors-of-activity\/","name":"Sectors of activity - Panza","isPartOf":{"@id":"https:\/\/panza.ca\/en\/#website"},"datePublished":"2023-10-31T19:49:26+00:00","dateModified":"2026-03-14T17:35:22+00:00","description":"Discover the sectors Panza POS serves: grocery stores, caf\u00e9s, caterers, butcheries, and more. Streamline operations in your business today.","breadcrumb":{"@id":"https:\/\/panza.ca\/en\/sectors-of-activity\/#breadcrumb"},"inLanguage":"en-US","potentialAction":[{"@type":"ReadAction","target":["https:\/\/panza.ca\/en\/sectors-of-activity\/"]}]},{"@type":"BreadcrumbList","@id":"https:\/\/panza.ca\/en\/sectors-of-activity\/#breadcrumb","itemListElement":[{"@type":"ListItem","position":1,"name":"Accueil","item":"https:\/\/panza.ca\/en\/"},{"@type":"ListItem","position":2,"name":"Sectors of activity"}]},{"@type":"WebSite","@id":"https:\/\/panza.ca\/en\/#website","url":"https:\/\/panza.ca\/en\/","name":"Le syst\u00e8me logiciel Panza","description":"La solution logicielle tout-en-un int\u00e9gr\u00e9e avec POS","publisher":{"@id":"https:\/\/panza.ca\/en\/#organization"},"alternateName":"Panza","potentialAction":[{"@type":"SearchAction","target":{"@type":"EntryPoint","urlTemplate":"https:\/\/panza.ca\/en\/?s={search_term_string}"},"query-input":"required name=search_term_string"}],"inLanguage":"en-US"},{"@type":"Organization","@id":"https:\/\/panza.ca\/en\/#organization","name":"Le syst\u00e8me logiciel Panza","alternateName":"Panza","url":"https:\/\/panza.ca\/en\/","logo":{"@type":"ImageObject","inLanguage":"en-US","@id":"https:\/\/panza.ca\/en\/#\/schema\/logo\/image\/","url":"https:\/\/panza.ca\/wp-content\/uploads\/2023\/08\/Panza_Primary_logo.png","contentUrl":"https:\/\/panza.ca\/wp-content\/uploads\/2023\/08\/Panza_Primary_logo.png","width":434,"height":165,"caption":"Le syst\u00e8me logiciel Panza"},"image":{"@id":"https:\/\/panza.ca\/en\/#\/schema\/logo\/image\/"}}]}},"_links":{"self":[{"href":"https:\/\/panza.ca\/en\/wp-json\/wp\/v2\/pages\/2086","targetHints":{"allow":["GET"]}}],"collection":[{"href":"https:\/\/panza.ca\/en\/wp-json\/wp\/v2\/pages"}],"about":[{"href":"https:\/\/panza.ca\/en\/wp-json\/wp\/v2\/types\/page"}],"author":[{"embeddable":true,"href":"https:\/\/panza.ca\/en\/wp-json\/wp\/v2\/users\/1"}],"replies":[{"embeddable":true,"href":"https:\/\/panza.ca\/en\/wp-json\/wp\/v2\/comments?post=2086"}],"version-history":[{"count":1,"href":"https:\/\/panza.ca\/en\/wp-json\/wp\/v2\/pages\/2086\/revisions"}],"predecessor-version":[{"id":2692,"href":"https:\/\/panza.ca\/en\/wp-json\/wp\/v2\/pages\/2086\/revisions\/2692"}],"wp:attachment":[{"href":"https:\/\/panza.ca\/en\/wp-json\/wp\/v2\/media?parent=2086"}],"curies":[{"name":"wp","href":"https:\/\/api.w.org\/{rel}","templated":true}]}}