{"id":1990,"date":"2025-05-03T11:47:18","date_gmt":"2025-05-03T15:47:18","guid":{"rendered":"https:\/\/panza.ca\/my-account\/"},"modified":"2025-05-03T11:47:22","modified_gmt":"2025-05-03T15:47:22","slug":"my-account","status":"publish","type":"page","link":"https:\/\/panza.ca\/en\/my-account\/","title":{"rendered":"My Account"},"content":{"rendered":"<div class=\"woocommerce\"><\/div>","protected":false},"excerpt":{"rendered":"","protected":false},"author":99,"featured_media":0,"parent":0,"menu_order":0,"comment_status":"closed","ping_status":"closed","template":"","meta":{"_eb_attr":"","site-sidebar-layout":"default","site-content-layout":"","ast-site-content-layout":"","site-content-style":"default","site-sidebar-style":"default","ast-global-header-display":"","ast-banner-title-visibility":"","ast-main-header-display":"","ast-hfb-above-header-display":"","ast-hfb-below-header-display":"","ast-hfb-mobile-header-display":"","site-post-title":"","ast-breadcrumbs-content":"","ast-featured-img":"","footer-sml-layout":"","theme-transparent-header-meta":"","adv-header-id-meta":"","stick-header-meta":"","header-above-stick-meta":"","header-main-stick-meta":"","header-below-stick-meta":"","astra-migrate-meta-layouts":"default","ast-page-background-enabled":"default","ast-page-background-meta":{"desktop":{"background-color":"var(--ast-global-color-4)","background-image":"","background-repeat":"repeat","background-position":"center center","background-size":"auto","background-attachment":"scroll","background-type":"","background-media":"","overlay-type":"","overlay-color":"","overlay-opacity":"","overlay-gradient":""},"tablet":{"background-color":"","background-image":"","background-repeat":"repeat","background-position":"center center","background-size":"auto","background-attachment":"scroll","background-type":"","background-media":"","overlay-type":"","overlay-color":"","overlay-opacity":"","overlay-gradient":""},"mobile":{"background-color":"","background-image":"","background-repeat":"repeat","background-position":"center center","background-size":"auto","background-attachment":"scroll","background-type":"","background-media":"","overlay-type":"","overlay-color":"","overlay-opacity":"","overlay-gradient":""}},"ast-content-background-meta":{"desktop":{"background-color":"var(--ast-global-color-5)","background-image":"","background-repeat":"repeat","background-position":"center center","background-size":"auto","background-attachment":"scroll","background-type":"","background-media":"","overlay-type":"","overlay-color":"","overlay-opacity":"","overlay-gradient":""},"tablet":{"background-color":"var(--ast-global-color-5)","background-image":"","background-repeat":"repeat","background-position":"center center","background-size":"auto","background-attachment":"scroll","background-type":"","background-media":"","overlay-type":"","overlay-color":"","overlay-opacity":"","overlay-gradient":""},"mobile":{"background-color":"var(--ast-global-color-5)","background-image":"","background-repeat":"repeat","background-position":"center center","background-size":"auto","background-attachment":"scroll","background-type":"","background-media":"","overlay-type":"","overlay-color":"","overlay-opacity":"","overlay-gradient":""}},"footnotes":""},"class_list":["post-1990","page","type-page","status-publish","hentry"],"yoast_head":"<!-- This site is optimized with the Yoast SEO Premium plugin v23.3 (Yoast SEO v23.3) - https:\/\/yoast.com\/wordpress\/plugins\/seo\/ -->\n<title>My Account - Panza<\/title>\n<meta name=\"robots\" content=\"index, follow, max-snippet:-1, max-image-preview:large, max-video-preview:-1\" \/>\n<link rel=\"canonical\" href=\"https:\/\/panza.ca\/en\/my-account\/\" \/>\n<meta property=\"og:locale\" content=\"en_US\" \/>\n<meta property=\"og:type\" content=\"article\" \/>\n<meta property=\"og:title\" content=\"My Account\" \/>\n<meta property=\"og:url\" content=\"https:\/\/panza.ca\/en\/my-account\/\" \/>\n<meta property=\"og:site_name\" content=\"Panza\" \/>\n<meta property=\"article:modified_time\" content=\"2025-05-03T15:47:22+00:00\" \/>\n<meta name=\"twitter:card\" content=\"summary_large_image\" \/>\n<script type=\"application\/ld+json\" class=\"yoast-schema-graph\">{\"@context\":\"https:\/\/schema.org\",\"@graph\":[{\"@type\":\"WebPage\",\"@id\":\"https:\/\/panza.ca\/en\/my-account\/\",\"url\":\"https:\/\/panza.ca\/en\/my-account\/\",\"name\":\"My Account - Panza\",\"isPartOf\":{\"@id\":\"https:\/\/panza.ca\/en\/#website\"},\"datePublished\":\"2025-05-03T15:47:18+00:00\",\"dateModified\":\"2025-05-03T15:47:22+00:00\",\"breadcrumb\":{\"@id\":\"https:\/\/panza.ca\/en\/my-account\/#breadcrumb\"},\"inLanguage\":\"en-US\",\"potentialAction\":[{\"@type\":\"ReadAction\",\"target\":[\"https:\/\/panza.ca\/en\/my-account\/\"]}]},{\"@type\":\"BreadcrumbList\",\"@id\":\"https:\/\/panza.ca\/en\/my-account\/#breadcrumb\",\"itemListElement\":[{\"@type\":\"ListItem\",\"position\":1,\"name\":\"Accueil\",\"item\":\"https:\/\/panza.ca\/en\/\"},{\"@type\":\"ListItem\",\"position\":2,\"name\":\"My Account\"}]},{\"@type\":\"WebSite\",\"@id\":\"https:\/\/panza.ca\/en\/#website\",\"url\":\"https:\/\/panza.ca\/en\/\",\"name\":\"Le syst\u00e8me logiciel Panza\",\"description\":\"La solution logicielle tout-en-un int\u00e9gr\u00e9e avec POS\",\"publisher\":{\"@id\":\"https:\/\/panza.ca\/en\/#organization\"},\"alternateName\":\"Panza\",\"potentialAction\":[{\"@type\":\"SearchAction\",\"target\":{\"@type\":\"EntryPoint\",\"urlTemplate\":\"https:\/\/panza.ca\/en\/?s={search_term_string}\"},\"query-input\":\"required name=search_term_string\"}],\"inLanguage\":\"en-US\"},{\"@type\":\"Organization\",\"@id\":\"https:\/\/panza.ca\/en\/#organization\",\"name\":\"Le syst\u00e8me logiciel Panza\",\"alternateName\":\"Panza\",\"url\":\"https:\/\/panza.ca\/en\/\",\"logo\":{\"@type\":\"ImageObject\",\"inLanguage\":\"en-US\",\"@id\":\"https:\/\/panza.ca\/en\/#\/schema\/logo\/image\/\",\"url\":\"https:\/\/panza.ca\/wp-content\/uploads\/2023\/08\/Panza_Primary_logo.png\",\"contentUrl\":\"https:\/\/panza.ca\/wp-content\/uploads\/2023\/08\/Panza_Primary_logo.png\",\"width\":434,\"height\":165,\"caption\":\"Le syst\u00e8me logiciel Panza\"},\"image\":{\"@id\":\"https:\/\/panza.ca\/en\/#\/schema\/logo\/image\/\"}}]}<\/script>\n<!-- \/ Yoast SEO Premium plugin. -->","yoast_head_json":{"title":"My Account - Panza","robots":{"index":"index","follow":"follow","max-snippet":"max-snippet:-1","max-image-preview":"max-image-preview:large","max-video-preview":"max-video-preview:-1"},"canonical":"https:\/\/panza.ca\/en\/my-account\/","og_locale":"en_US","og_type":"article","og_title":"My Account","og_url":"https:\/\/panza.ca\/en\/my-account\/","og_site_name":"Panza","article_modified_time":"2025-05-03T15:47:22+00:00","twitter_card":"summary_large_image","schema":{"@context":"https:\/\/schema.org","@graph":[{"@type":"WebPage","@id":"https:\/\/panza.ca\/en\/my-account\/","url":"https:\/\/panza.ca\/en\/my-account\/","name":"My Account - Panza","isPartOf":{"@id":"https:\/\/panza.ca\/en\/#website"},"datePublished":"2025-05-03T15:47:18+00:00","dateModified":"2025-05-03T15:47:22+00:00","breadcrumb":{"@id":"https:\/\/panza.ca\/en\/my-account\/#breadcrumb"},"inLanguage":"en-US","potentialAction":[{"@type":"ReadAction","target":["https:\/\/panza.ca\/en\/my-account\/"]}]},{"@type":"BreadcrumbList","@id":"https:\/\/panza.ca\/en\/my-account\/#breadcrumb","itemListElement":[{"@type":"ListItem","position":1,"name":"Accueil","item":"https:\/\/panza.ca\/en\/"},{"@type":"ListItem","position":2,"name":"My Account"}]},{"@type":"WebSite","@id":"https:\/\/panza.ca\/en\/#website","url":"https:\/\/panza.ca\/en\/","name":"Le syst\u00e8me logiciel Panza","description":"La solution logicielle tout-en-un int\u00e9gr\u00e9e avec POS","publisher":{"@id":"https:\/\/panza.ca\/en\/#organization"},"alternateName":"Panza","potentialAction":[{"@type":"SearchAction","target":{"@type":"EntryPoint","urlTemplate":"https:\/\/panza.ca\/en\/?s={search_term_string}"},"query-input":"required name=search_term_string"}],"inLanguage":"en-US"},{"@type":"Organization","@id":"https:\/\/panza.ca\/en\/#organization","name":"Le syst\u00e8me logiciel Panza","alternateName":"Panza","url":"https:\/\/panza.ca\/en\/","logo":{"@type":"ImageObject","inLanguage":"en-US","@id":"https:\/\/panza.ca\/en\/#\/schema\/logo\/image\/","url":"https:\/\/panza.ca\/wp-content\/uploads\/2023\/08\/Panza_Primary_logo.png","contentUrl":"https:\/\/panza.ca\/wp-content\/uploads\/2023\/08\/Panza_Primary_logo.png","width":434,"height":165,"caption":"Le syst\u00e8me logiciel Panza"},"image":{"@id":"https:\/\/panza.ca\/en\/#\/schema\/logo\/image\/"}}]}},"_links":{"self":[{"href":"https:\/\/panza.ca\/en\/wp-json\/wp\/v2\/pages\/1990","targetHints":{"allow":["GET"]}}],"collection":[{"href":"https:\/\/panza.ca\/en\/wp-json\/wp\/v2\/pages"}],"about":[{"href":"https:\/\/panza.ca\/en\/wp-json\/wp\/v2\/types\/page"}],"author":[{"embeddable":true,"href":"https:\/\/panza.ca\/en\/wp-json\/wp\/v2\/users\/99"}],"replies":[{"embeddable":true,"href":"https:\/\/panza.ca\/en\/wp-json\/wp\/v2\/comments?post=1990"}],"version-history":[{"count":0,"href":"https:\/\/panza.ca\/en\/wp-json\/wp\/v2\/pages\/1990\/revisions"}],"wp:attachment":[{"href":"https:\/\/panza.ca\/en\/wp-json\/wp\/v2\/media?parent=1990"}],"curies":[{"name":"wp","href":"https:\/\/api.w.org\/{rel}","templated":true}]}}